{"id":18,"date":"2025-07-01T15:44:02","date_gmt":"2025-07-01T13:44:02","guid":{"rendered":"https:\/\/madicreole.webyted.fr\/?page_id=18"},"modified":"2025-07-08T14:28:32","modified_gmt":"2025-07-08T12:28:32","slug":"conditions-de-reservation","status":"publish","type":"page","link":"https:\/\/madicreoles.com\/en\/conditions-de-reservation\/","title":{"rendered":"Nos conditions de r\u00e9servation"},"content":{"rendered":"<p>[et_pb_section fb_built=\u00a0\u00bb1&Prime; custom_padding_last_edited=\u00a0\u00bbon|phone\u00a0\u00bb _builder_version=\u00a0\u00bb4.27.4&Prime; _module_preset=\u00a0\u00bbdefault\u00a0\u00bb background_color=\u00a0\u00bbrgba(0,0,0,0.45)\u00a0\u00bb background_image=\u00a0\u00bbhttps:\/\/madicreoles.com\/wp-content\/uploads\/location-appartement-vacances-martinique.webp\u00a0\u00bb background_blend=\u00a0\u00bbdarken\u00a0\u00bb custom_padding=\u00a0\u00bb150px||150px||true|false\u00a0\u00bb custom_padding_tablet=\u00a0\u00bb150px||150px||true|false\u00a0\u00bb custom_padding_phone=\u00a0\u00bb30px||30px||true|false\u00a0\u00bb global_colors_info=\u00a0\u00bb{}\u00a0\u00bb locked=\u00a0\u00bboff\u00a0\u00bb theme_builder_area=\u00a0\u00bbpost_content\u00a0\u00bb][et_pb_row _builder_version=\u00a0\u00bb4.27.4&Prime; _module_preset=\u00a0\u00bbdefault\u00a0\u00bb global_colors_info=\u00a0\u00bb{}\u00a0\u00bb theme_builder_area=\u00a0\u00bbpost_content\u00a0\u00bb][et_pb_column type=\u00a0\u00bb4_4&Prime; _builder_version=\u00a0\u00bb4.27.4&Prime; _module_preset=\u00a0\u00bbdefault\u00a0\u00bb global_colors_info=\u00a0\u00bb{}\u00a0\u00bb theme_builder_area=\u00a0\u00bbpost_content\u00a0\u00bb][et_pb_text _builder_version=\u00a0\u00bb4.27.4&Prime; _dynamic_attributes=\u00a0\u00bbcontent\u00a0\u00bb _module_preset=\u00a0\u00bbdefault\u00a0\u00bb header_text_align=\u00a0\u00bbcenter\u00a0\u00bb header_text_color=\u00a0\u00bb#FFFFFF\u00a0\u00bb header_font_size=\u00a0\u00bb55px\u00a0\u00bb header_font_size_tablet=\u00a0\u00bb55px\u00a0\u00bb header_font_size_phone=\u00a0\u00bb38px\u00a0\u00bb header_font_size_last_edited=\u00a0\u00bbon|phone\u00a0\u00bb global_colors_info=\u00a0\u00bb{}\u00a0\u00bb theme_builder_area=\u00a0\u00bbpost_content\u00a0\u00bb]@ET-DC@eyJkeW5hbWljIjp0cnVlLCJjb250ZW50IjoicG9zdF90aXRsZSIsInNldHRpbmdzIjp7ImJlZm9yZSI6IjxoMT4iLCJhZnRlciI6IjwvaDE+In19@[\/et_pb_text][\/et_pb_column][\/et_pb_row][\/et_pb_section][et_pb_section fb_built=\u00a0\u00bb1&Prime; theme_builder_area=\u00a0\u00bbpost_content\u00a0\u00bb _builder_version=\u00a0\u00bb4.27.4&Prime; _module_preset=\u00a0\u00bbdefault\u00a0\u00bb][et_pb_row _builder_version=\u00a0\u00bb4.27.4&Prime; _module_preset=\u00a0\u00bbdefault\u00a0\u00bb theme_builder_area=\u00a0\u00bbpost_content\u00a0\u00bb column_structure=\u00a0\u00bb1_2,1_2&Prime;][et_pb_column _builder_version=\u00a0\u00bb4.27.4&Prime; _module_preset=\u00a0\u00bbdefault\u00a0\u00bb type=\u00a0\u00bb1_2&Prime; theme_builder_area=\u00a0\u00bbpost_content\u00a0\u00bb][et_pb_text _builder_version=\u00a0\u00bb4.27.4&Prime; _module_preset=\u00a0\u00bbdefault\u00a0\u00bb theme_builder_area=\u00a0\u00bbpost_content\u00a0\u00bb hover_enabled=\u00a0\u00bb0&Prime; sticky_enabled=\u00a0\u00bb0&Prime;]<\/p>\n<h2>Lorsque vous r\u00e9servez&#8230;<\/h2>\n<p>\u2013 Les prix sont exprim\u00e9s en \u20acuros et TTC (toutes taxes comprises) hors taxe de s\u00e9jour.<\/p>\n<p>\u2013 Afin de garantir une r\u00e9servation, il sera demand\u00e9 le versement d\u2019un acompte correspondant \u00e0 30% de la valeur du s\u00e9jour.<\/p>\n<p>\u2013 Conditions de paiement : le paiement du solde du s\u00e9jour ainsi que de la taxe de s\u00e9jour se fera le jour de votre arriv\u00e9e. Toutes les prestations compl\u00e9mentaires qui pourraient \u00eatre consomm\u00e9es durant votre s\u00e9jour seront \u00e0 r\u00e9gler le jour de votre d\u00e9part.<\/p>\n<p>\u2013 Annulation :<\/p>\n<p>* Si l\u2019annulation est effectu\u00e9e plus de 7 jours avant votre arriv\u00e9e, l\u2019acompte sera rembours\u00e9 et aucun frais ne sera retenu<\/p>\n<p>* Si l\u2019annulation est effectu\u00e9e entre 7 jours et 48h avant votre arriv\u00e9e, Madicr\u00e9oles conservera votre acompte.<\/p>\n<p>* Si l\u2019annulation est effectu\u00e9e moins de 48h avant votre arriv\u00e9e, le montant de la totalit\u00e9 du s\u00e9jour sera d\u00fb.<\/p>\n<p>Quoi qu\u2019il en soit, en cas d\u2019annulation, prenez contact avec nous dans les plus brefs d\u00e9lais.<\/p>\n<p>\u2013 No-show : En cas de non pr\u00e9sentation lors votre jour d\u2019arriv\u00e9e suppos\u00e9, sans nous en avoir averti, le montant total du s\u00e9jour sera d\u00fb.<\/p>\n<p>\u2013 Modifications : dans le cas o\u00f9 vous seriez dans l\u2019obligation de modifier votre r\u00e9servation\/s\u00e9jour, merci de nous pr\u00e9venir 48h \u00e0 l\u2019avance. La r\u00e9sidence Madicr\u00e9oles se r\u00e9serve le droit de refuser toutes modifications dont le d\u00e9lai est inf\u00e9rieur \u00e0 48h, n\u00e9anmoins, sachez que nous ferons toujours notre possible pour r\u00e9pondre \u00e0 vos besoins.<\/p>\n<p>\u2013 Cas de force majeure :<\/p>\n<p>Il est question ici de tout \u00e9v\u00e9nement ind\u00e9pendant de la volont\u00e9 de la r\u00e9sidence Madicr\u00e9oles et pr\u00e9sentant un caract\u00e8re impr\u00e9visible et insurmontable rendant impossible la r\u00e9alisation de tout ou partie des prestations r\u00e9serv\u00e9es (catastrophe climatique, gr\u00e8ve, \u00e9meute\u2026).<br \/>Face \u00e0 un cas de force majeure, la r\u00e9sidence Madicr\u00e9oles ne saurait \u00eatre tenue responsable de la non r\u00e9alisation des dites prestations.<\/p>\n<p>[\/et_pb_text][\/et_pb_column][et_pb_column _builder_version=\u00a0\u00bb4.27.4&Prime; _module_preset=\u00a0\u00bbdefault\u00a0\u00bb type=\u00a0\u00bb1_2&Prime; theme_builder_area=\u00a0\u00bbpost_content\u00a0\u00bb][et_pb_text _builder_version=\u00a0\u00bb4.27.4&Prime; _module_preset=\u00a0\u00bbdefault\u00a0\u00bb theme_builder_area=\u00a0\u00bbpost_content\u00a0\u00bb hover_enabled=\u00a0\u00bb0&Prime; sticky_enabled=\u00a0\u00bb0&Prime;]<\/p>\n<h2>Quelques r\u00e8gles \u00e0 respecter&#8230;<\/h2>\n<p>\u2013 Seuls les r\u00e9sidents ont acc\u00e8s aux \u00e9quipements de la r\u00e9sidence.<\/p>\n<p>Afin d\u2019\u00e9viter tous types de d\u00e9bordements, l\u2019acc\u00e8s \u00e0 la r\u00e9sidence et \u00e0 nos installations (notamment la piscine) n\u2019est autoris\u00e9 qu\u2019\u00e0 nos locataires.<\/p>\n<p>\u2013 Evitons les nuisances<br \/>Pas de bo\u00eete de nuit clandestine dans les appartements, pas de feu de camp g\u00e9ant au milieu du parc\u2026 ou tout ce qui peut d\u00e9ranger les r\u00e9sidents.<\/p>\n<p>\u2013 Les animaux ne sont pas accept\u00e9s.<br \/>Oui, nous aimons les animaux ! Mais ils peuvent malheureusement vite devenir source de querelle au sein de la r\u00e9sidence ou avec nos voisins\u2026<\/p>\n<p>\u2013 Tout autre r\u00e8gle de civisme et de biens\u00e9ance !<\/p>\n<p>[\/et_pb_text][et_pb_image src=\u00a0\u00bbhttps:\/\/madicreoles.com\/wp-content\/uploads\/P1320852-min.jpeg-e1751977560709.webp\u00a0\u00bb _builder_version=\u00a0\u00bb4.27.4&Prime; _module_preset=\u00a0\u00bbdefault\u00a0\u00bb theme_builder_area=\u00a0\u00bbpost_content\u00a0\u00bb alt=\u00a0\u00bbreservation appartement de vacance martinique\u00a0\u00bb hover_enabled=\u00a0\u00bb0&Prime; sticky_enabled=\u00a0\u00bb0&Prime; animation_style=\u00a0\u00bbslide\u00a0\u00bb animation_direction=\u00a0\u00bbright\u00a0\u00bb animation_duration=\u00a0\u00bb900ms\u00a0\u00bb animation_delay=\u00a0\u00bb300ms\u00a0\u00bb animation_intensity_slide=\u00a0\u00bb5%\u00a0\u00bb][\/et_pb_image][\/et_pb_column][\/et_pb_row][\/et_pb_section]<\/p>\n","protected":false},"excerpt":{"rendered":"<p>Lorsque vous r\u00e9servez&#8230; \u2013 Les prix sont exprim\u00e9s en \u20acuros et TTC (toutes taxes comprises) hors taxe de s\u00e9jour. \u2013 Afin de garantir une r\u00e9servation, il sera demand\u00e9 le versement d\u2019un acompte correspondant \u00e0 30% de la valeur du s\u00e9jour. \u2013 Conditions de paiement : le paiement du solde du s\u00e9jour ainsi que de la [&hellip;]<\/p>\n","protected":false},"author":1,"featured_media":0,"parent":0,"menu_order":0,"comment_status":"closed","ping_status":"closed","template":"","meta":{"_et_pb_use_builder":"on","_et_pb_old_content":"<!-- wp:divi\/placeholder \/-->","_et_gb_content_width":"","footnotes":""},"dipi_cpt_category":[],"class_list":["post-18","page","type-page","status-publish","hentry"],"_links":{"self":[{"href":"https:\/\/madicreoles.com\/en\/wp-json\/wp\/v2\/pages\/18","targetHints":{"allow":["GET"]}}],"collection":[{"href":"https:\/\/madicreoles.com\/en\/wp-json\/wp\/v2\/pages"}],"about":[{"href":"https:\/\/madicreoles.com\/en\/wp-json\/wp\/v2\/types\/page"}],"author":[{"embeddable":true,"href":"https:\/\/madicreoles.com\/en\/wp-json\/wp\/v2\/users\/1"}],"replies":[{"embeddable":true,"href":"https:\/\/madicreoles.com\/en\/wp-json\/wp\/v2\/comments?post=18"}],"version-history":[{"count":15,"href":"https:\/\/madicreoles.com\/en\/wp-json\/wp\/v2\/pages\/18\/revisions"}],"predecessor-version":[{"id":434,"href":"https:\/\/madicreoles.com\/en\/wp-json\/wp\/v2\/pages\/18\/revisions\/434"}],"wp:attachment":[{"href":"https:\/\/madicreoles.com\/en\/wp-json\/wp\/v2\/media?parent=18"}],"wp:term":[{"taxonomy":"dipi_cpt_category","embeddable":true,"href":"https:\/\/madicreoles.com\/en\/wp-json\/wp\/v2\/dipi_cpt_category?post=18"}],"curies":[{"name":"wp","href":"https:\/\/api.w.org\/{rel}","templated":true}]}}